{"id":225,"date":"2018-12-14T13:28:29","date_gmt":"2018-12-14T13:28:29","guid":{"rendered":"http:\/\/rebekkahermanmostert.com\/?page_id=225"},"modified":"2018-12-14T13:28:29","modified_gmt":"2018-12-14T13:28:29","slug":"de-akte-van-mijn-moeder-2018","status":"publish","type":"page","link":"https:\/\/www.rebekkahermanmostert.com\/?page_id=225","title":{"rendered":"De akte van mijn moeder (2018)"},"content":{"rendered":"<p><img loading=\"lazy\" decoding=\"async\" class=\"spotlight alignright\" src=\"https:\/\/scontent.ftsr1-2.fna.fbcdn.net\/v\/t1.0-9\/45325358_2157258040991215_8141500380929327104_n.jpg?_nc_cat=107&amp;_nc_ht=scontent.ftsr1-2.fna&amp;oh=5b033cca13e2d5fffe6b37059acdb9db&amp;oe=5C9B4280\" alt=\"Image may contain: text\" width=\"391\" height=\"391\" \/><\/p>\n<p>Oorspronkelijk werk:<br \/>\nForg\u00e1ch, Andr\u00e1s:<br \/>\n<em>\u00c9l\u0151 k\u00f6tet nem marad <\/em>(2015 \/ 2018)<\/p>\n<p>Uit het Hongaars vertaald door Rebekka Herm\u00e1n Mostert<\/p>\n<p>Nederlandse uitgave:<br \/>\nUitgeverij Cossee,\u00a0Amsterdam<\/p>\n","protected":false},"excerpt":{"rendered":"<p>Oorspronkelijk werk: Forg\u00e1ch, Andr\u00e1s: \u00c9l\u0151 k\u00f6tet nem marad (2015 \/ 2018) Uit het Hongaars vertaald door Rebekka Herm\u00e1n Mostert Nederlandse uitgave: Uitgeverij Cossee,\u00a0Amsterdam<\/p>\n","protected":false},"author":1,"featured_media":0,"parent":0,"menu_order":7,"comment_status":"closed","ping_status":"closed","template":"","meta":{"footnotes":""},"class_list":["post-225","page","type-page","status-publish","hentry"],"_links":{"self":[{"href":"https:\/\/www.rebekkahermanmostert.com\/index.php?rest_route=\/wp\/v2\/pages\/225","targetHints":{"allow":["GET"]}}],"collection":[{"href":"https:\/\/www.rebekkahermanmostert.com\/index.php?rest_route=\/wp\/v2\/pages"}],"about":[{"href":"https:\/\/www.rebekkahermanmostert.com\/index.php?rest_route=\/wp\/v2\/types\/page"}],"author":[{"embeddable":true,"href":"https:\/\/www.rebekkahermanmostert.com\/index.php?rest_route=\/wp\/v2\/users\/1"}],"replies":[{"embeddable":true,"href":"https:\/\/www.rebekkahermanmostert.com\/index.php?rest_route=%2Fwp%2Fv2%2Fcomments&post=225"}],"version-history":[{"count":0,"href":"https:\/\/www.rebekkahermanmostert.com\/index.php?rest_route=\/wp\/v2\/pages\/225\/revisions"}],"wp:attachment":[{"href":"https:\/\/www.rebekkahermanmostert.com\/index.php?rest_route=%2Fwp%2Fv2%2Fmedia&parent=225"}],"curies":[{"name":"wp","href":"https:\/\/api.w.org\/{rel}","templated":true}]}}