{"id":39,"date":"2015-07-29T20:13:38","date_gmt":"2015-07-29T20:13:38","guid":{"rendered":"https:\/\/rebekkahermanmostert.wordpress.com\/?page_id=39"},"modified":"2015-07-29T20:13:38","modified_gmt":"2015-07-29T20:13:38","slug":"geteld-geteld-2012","status":"publish","type":"page","link":"https:\/\/www.rebekkahermanmostert.com\/?page_id=39","title":{"rendered":"Geteld, geteld (Deel 1 van de Transsylvaanse trilogie, 2012)"},"content":{"rendered":"<p><a href=\"https:\/\/www.rebekkahermanmostert.com\/wp-content\/uploads\/2015\/07\/bc3a1nffymiklc3b3s_geteld-geteld.jpg\"><img loading=\"lazy\" decoding=\"async\" class=\" wp-image-10 alignright\" src=\"https:\/\/www.rebekkahermanmostert.com\/wp-content\/uploads\/2015\/07\/bc3a1nffymiklc3b3s_geteld-geteld.jpg?w=193\" alt=\"B\u00e1nffyMikl\u00f3s_Geteld, geteld\" width=\"329\" height=\"511\" srcset=\"https:\/\/www.rebekkahermanmostert.com\/wp-content\/uploads\/2015\/07\/bc3a1nffymiklc3b3s_geteld-geteld.jpg 540w, https:\/\/www.rebekkahermanmostert.com\/wp-content\/uploads\/2015\/07\/bc3a1nffymiklc3b3s_geteld-geteld-193x300.jpg 193w\" sizes=\"auto, (max-width: 329px) 100vw, 329px\" \/><\/a><br \/>\nOorspronkelijk werk:<br \/>\nB\u00e1nffy, Mikl\u00f3s: <em>Megsz\u00e1ml\u00e1ltatt\u00e1l<\/em> (1934)<\/p>\n<p>Vertaald uit het Hongaars door Rebekka Herm\u00e1n Mostert<\/p>\n<p>Nederlandse uitgave: Uitgeverij Atlas Contact, Amsterdam<\/p>\n","protected":false},"excerpt":{"rendered":"<p>Oorspronkelijk werk: B\u00e1nffy, Mikl\u00f3s: Megsz\u00e1ml\u00e1ltatt\u00e1l (1934) Vertaald uit het Hongaars door Rebekka Herm\u00e1n Mostert Nederlandse uitgave: Uitgeverij Atlas Contact, Amsterdam<\/p>\n","protected":false},"author":1,"featured_media":0,"parent":0,"menu_order":2,"comment_status":"open","ping_status":"closed","template":"","meta":{"footnotes":""},"class_list":["post-39","page","type-page","status-publish","hentry"],"_links":{"self":[{"href":"https:\/\/www.rebekkahermanmostert.com\/index.php?rest_route=\/wp\/v2\/pages\/39","targetHints":{"allow":["GET"]}}],"collection":[{"href":"https:\/\/www.rebekkahermanmostert.com\/index.php?rest_route=\/wp\/v2\/pages"}],"about":[{"href":"https:\/\/www.rebekkahermanmostert.com\/index.php?rest_route=\/wp\/v2\/types\/page"}],"author":[{"embeddable":true,"href":"https:\/\/www.rebekkahermanmostert.com\/index.php?rest_route=\/wp\/v2\/users\/1"}],"replies":[{"embeddable":true,"href":"https:\/\/www.rebekkahermanmostert.com\/index.php?rest_route=%2Fwp%2Fv2%2Fcomments&post=39"}],"version-history":[{"count":0,"href":"https:\/\/www.rebekkahermanmostert.com\/index.php?rest_route=\/wp\/v2\/pages\/39\/revisions"}],"wp:attachment":[{"href":"https:\/\/www.rebekkahermanmostert.com\/index.php?rest_route=%2Fwp%2Fv2%2Fmedia&parent=39"}],"curies":[{"name":"wp","href":"https:\/\/api.w.org\/{rel}","templated":true}]}}